{"id":5970,"date":"2016-01-20T14:39:58","date_gmt":"2016-01-20T14:39:58","guid":{"rendered":"http:\/\/www.quinta-do-rajo.pt\/?post_type=product&#038;p=5970&#038;lang=pt-pt"},"modified":"2024-05-17T10:03:59","modified_gmt":"2024-05-17T09:03:59","slug":"consultas-de-terapia-de-yoga-com-satya-kaur","status":"publish","type":"product","link":"https:\/\/www.quinta-do-rajo.pt\/en\/produtos\/consultas-de-terapia-de-yoga-com-satya-kaur\/","title":{"rendered":"Individual Karam Kriya Session with <br>Satya Kaur"},"content":{"rendered":"<p><span lang=\"PT\"><span style=\"color: #000000; font-family: Calibri; font-size: medium;\">Karam = ac\u00e7\u00e3o e seus efeitos acumulados<\/span><\/span><\/p>\n<p><span lang=\"PT\"><span style=\"color: #000000; font-family: Calibri; font-size: medium;\">Kriya = completa s\u00e9rie de passos que transformam e libertam<\/span><\/span><\/p>\n<p><span lang=\"PT\"><span style=\"color: #000000; font-family: Calibri; font-size: medium;\">Karam Kriya = ac\u00e7\u00e3o creativa e consciente que liberta a pessoa de padr\u00f5es inconscientes e repetitivos<\/span><\/span><\/p>\n<p><span lang=\"PT\"><span style=\"color: #000000; font-family: Calibri; font-size: medium;\">Dura\u00e7\u00e3o: 1 hora<\/span><\/span><\/p>\n<p><span lang=\"PT\"><span style=\"color: #000000; font-family: Calibri; font-size: medium;\">The sessions have a practical side, which can include movements, staged dialogue, body expression, visualisations and commitment rituals. They only become useful to the extent that the client puts into practice what is discovered during the session and after it is over.<\/span><\/span><\/p>\n<p><span lang=\"PT\"><span style=\"color: #000000; font-family: Calibri; font-size: medium;\">As t\u00e9cnicas e conselhos da Satya s\u00e3o baseados nos aspectos terap\u00eauticos de Kundalini Yoga e Medita\u00e7\u00e3o, Teatro Ritual, utiliza\u00e7\u00e3o de linguagem verdadeira,\u00a0 conselhos diet\u00e9ticos, auto-hipnose afim de criar uma realidade interna e externa alinhada ao prop\u00f3sito da nossa alma.<\/span><\/span><\/p>\n<p><span lang=\"PT\"><span style=\"color: #000000; font-family: Calibri; font-size: medium;\">As\u00a0sess\u00f5es dever\u00e3o ser marcadas pelo email <a href=\"mailto:gurujot@quinta-do-rajo.pt\">gurujot@quinta-do-rajo.pt<\/a>.\u00a0<\/span><\/span><\/p>","protected":false},"excerpt":{"rendered":"<p><span lang=\"PT\"><span style=\"color: #000000; font-family: Calibri; font-size: medium;\">As datas dever\u00e3o ser marcadas depois da compra pelo\u00a0<\/span><\/span><span lang=\"PT\"><span style=\"color: #000000; font-family: Calibri; font-size: medium;\">email <\/span><\/span><span lang=\"PT\"><span style=\"color: #000000; font-family: Calibri; font-size: medium;\"><a href=\"mailto:gurujot@quinta-do-rajo.pt\">gurujot@quinta-do-rajo.pt<\/a><\/span><\/span><\/p>","protected":false},"featured_media":45161,"template":"","meta":{"site-sidebar-layout":"default","site-content-layout":"","ast-site-content-layout":"default","site-content-style":"default","site-sidebar-style":"default","ast-global-header-display":"","ast-banner-title-visibility":"","ast-main-header-display":"","ast-hfb-above-header-display":"","ast-hfb-below-header-display":"","ast-hfb-mobile-header-display":"","site-post-title":"","ast-breadcrumbs-content":"","ast-featured-img":"","footer-sml-layout":"","ast-disable-related-posts":"","theme-transparent-header-meta":"default","adv-header-id-meta":"","stick-header-meta":"","header-above-stick-meta":"","header-main-stick-meta":"","header-below-stick-meta":"","astra-migrate-meta-layouts":"set","ast-page-background-enabled":"default","ast-page-background-meta":{"desktop":{"background-color":"var(--ast-global-color-4)","background-image":"","background-repeat":"repeat","background-position":"center center","background-size":"auto","background-attachment":"scroll","background-type":"","background-media":"","overlay-type":"","overlay-color":"","overlay-opacity":"","overlay-gradient":""},"tablet":{"background-color":"","background-image":"","background-repeat":"repeat","background-position":"center center","background-size":"auto","background-attachment":"scroll","background-type":"","background-media":"","overlay-type":"","overlay-color":"","overlay-opacity":"","overlay-gradient":""},"mobile":{"background-color":"","background-image":"","background-repeat":"repeat","background-position":"center center","background-size":"auto","background-attachment":"scroll","background-type":"","background-media":"","overlay-type":"","overlay-color":"","overlay-opacity":"","overlay-gradient":""}},"ast-content-background-meta":{"desktop":{"background-color":"var(--ast-global-color-5)","background-image":"","background-repeat":"repeat","background-position":"center center","background-size":"auto","background-attachment":"scroll","background-type":"","background-media":"","overlay-type":"","overlay-color":"","overlay-opacity":"","overlay-gradient":""},"tablet":{"background-color":"var(--ast-global-color-5)","background-image":"","background-repeat":"repeat","background-position":"center center","background-size":"auto","background-attachment":"scroll","background-type":"","background-media":"","overlay-type":"","overlay-color":"","overlay-opacity":"","overlay-gradient":""},"mobile":{"background-color":"var(--ast-global-color-5)","background-image":"","background-repeat":"repeat","background-position":"center center","background-size":"auto","background-attachment":"scroll","background-type":"","background-media":"","overlay-type":"","overlay-color":"","overlay-opacity":"","overlay-gradient":""}}},"product_brand":[],"product_cat":[51,237],"product_tag":[],"class_list":{"0":"post-5970","1":"product","2":"type-product","3":"status-publish","4":"has-post-thumbnail","6":"product_cat-consultas","7":"product_cat-online","8":"desktop-align-left","9":"tablet-align-left","10":"mobile-align-left","12":"first","13":"instock","14":"virtual","15":"taxable","16":"purchasable","17":"product-type-simple"},"_links":{"self":[{"href":"https:\/\/www.quinta-do-rajo.pt\/en\/wp-json\/wp\/v2\/product\/5970","targetHints":{"allow":["GET"]}}],"collection":[{"href":"https:\/\/www.quinta-do-rajo.pt\/en\/wp-json\/wp\/v2\/product"}],"about":[{"href":"https:\/\/www.quinta-do-rajo.pt\/en\/wp-json\/wp\/v2\/types\/product"}],"version-history":[{"count":0,"href":"https:\/\/www.quinta-do-rajo.pt\/en\/wp-json\/wp\/v2\/product\/5970\/revisions"}],"wp:featuredmedia":[{"embeddable":true,"href":"https:\/\/www.quinta-do-rajo.pt\/en\/wp-json\/wp\/v2\/media\/45161"}],"wp:attachment":[{"href":"https:\/\/www.quinta-do-rajo.pt\/en\/wp-json\/wp\/v2\/media?parent=5970"}],"wp:term":[{"taxonomy":"product_brand","embeddable":true,"href":"https:\/\/www.quinta-do-rajo.pt\/en\/wp-json\/wp\/v2\/product_brand?post=5970"},{"taxonomy":"product_cat","embeddable":true,"href":"https:\/\/www.quinta-do-rajo.pt\/en\/wp-json\/wp\/v2\/product_cat?post=5970"},{"taxonomy":"product_tag","embeddable":true,"href":"https:\/\/www.quinta-do-rajo.pt\/en\/wp-json\/wp\/v2\/product_tag?post=5970"}],"curies":[{"name":"wp","href":"https:\/\/api.w.org\/{rel}","templated":true}]}}