{"id":45037,"date":"2024-05-09T21:47:21","date_gmt":"2024-05-09T20:47:21","guid":{"rendered":"https:\/\/www.quinta-do-rajo.pt\/?post_type=product&#038;p=45037"},"modified":"2024-05-09T21:47:22","modified_gmt":"2024-05-09T20:47:22","slug":"ritual-de-fecho-dos-ossos","status":"publish","type":"product","link":"https:\/\/www.quinta-do-rajo.pt\/en\/produtos\/ritual-de-fecho-dos-ossos\/","title":{"rendered":"Closing the Bones Ritual"},"content":{"rendered":"<div class=\"gmail_default\">\n<div class=\"gmail_default\">A process of eliminating painful memories ingrained in the body by means of water, verbal expression and bitter medicine.\npressure.<\/div>\n<div class=\"gmail_default\">A process of daring to create a new reality and vision of a possible and wholistic future, by means of visualization, freedom and sweet medicine.<\/div>\n<div class=\"gmail_default\">A process of pausing in no-man\u00b4s-land in order to rest, integrate and take stock.<\/div>\n<div class=\"gmail_default\">A process of acknowledgement of vitality and Self by the systematic application of physical pressure and containment.<\/div>\n<\/div>\n<div><\/div>\n<div><strong>Facilitadora:<\/strong> Satya Kaur<\/div>\n<div><\/div>\n<div class=\"gmail_default\"><b>Prop\u00f3sito<\/b>: cerrar energ\u00e9tica, f\u00edsica e emocionalmente uma fase da vida a fim de se preparar para enfrentar a pr\u00f3xima com nova identidade.<\/div>\n<div class=\"gmail_default\"><b><br \/>\nDura\u00e7\u00e3o<\/b>: 2h<\/div>\n<div><\/div>\n<div class=\"gmail_default\"><b>Essential equipment:\u00a0<\/b>banheira, \u00e1gua quente, muda de roupa, aquecimento;<\/div>\n<div><\/div>\n<div class=\"gmail_default\"><b>Place:<\/b> sua resid\u00eancia, distrito de Lisboa.<\/div>\n<div><\/div>\n<div class=\"gmail_default\"><b>Price<\/b>: \u20ac108 + custo de transporte a 0,36\u20ac\/km<\/div>\n<div><\/div>\n<div><em><strong>*Data e Km&#8217;s a combinar ap\u00f3s a compra. Por favor entre em contacto com <a href=\"mailto:gurujot@quinta-do-rajo.pt\">gurujot@quinta-do-rajo.pt<\/a> ara combinar os detalhes.\u00a0<\/strong><\/em><\/div>","protected":false},"excerpt":{"rendered":"<p>Um processo de elimina\u00e7\u00e3o de mem\u00f3rias duras alojadas no corpo atrav\u00e9s da \u00e1gua, auto-express\u00e3o e medicina amarga. Um processo de [&hellip;]<\/p>\n","protected":false},"featured_media":45038,"template":"","meta":{"site-sidebar-layout":"default","site-content-layout":"","ast-site-content-layout":"default","site-content-style":"default","site-sidebar-style":"default","ast-global-header-display":"","ast-banner-title-visibility":"","ast-main-header-display":"","ast-hfb-above-header-display":"","ast-hfb-below-header-display":"","ast-hfb-mobile-header-display":"","site-post-title":"","ast-breadcrumbs-content":"","ast-featured-img":"","footer-sml-layout":"","ast-disable-related-posts":"","theme-transparent-header-meta":"default","adv-header-id-meta":"","stick-header-meta":"","header-above-stick-meta":"","header-main-stick-meta":"","header-below-stick-meta":"","astra-migrate-meta-layouts":"set","ast-page-background-enabled":"default","ast-page-background-meta":{"desktop":{"background-color":"var(--ast-global-color-4)","background-image":"","background-repeat":"repeat","background-position":"center center","background-size":"auto","background-attachment":"scroll","background-type":"","background-media":"","overlay-type":"","overlay-color":"","overlay-opacity":"","overlay-gradient":""},"tablet":{"background-color":"","background-image":"","background-repeat":"repeat","background-position":"center center","background-size":"auto","background-attachment":"scroll","background-type":"","background-media":"","overlay-type":"","overlay-color":"","overlay-opacity":"","overlay-gradient":""},"mobile":{"background-color":"","background-image":"","background-repeat":"repeat","background-position":"center center","background-size":"auto","background-attachment":"scroll","background-type":"","background-media":"","overlay-type":"","overlay-color":"","overlay-opacity":"","overlay-gradient":""}},"ast-content-background-meta":{"desktop":{"background-color":"var(--ast-global-color-5)","background-image":"","background-repeat":"repeat","background-position":"center center","background-size":"auto","background-attachment":"scroll","background-type":"","background-media":"","overlay-type":"","overlay-color":"","overlay-opacity":"","overlay-gradient":""},"tablet":{"background-color":"var(--ast-global-color-5)","background-image":"","background-repeat":"repeat","background-position":"center center","background-size":"auto","background-attachment":"scroll","background-type":"","background-media":"","overlay-type":"","overlay-color":"","overlay-opacity":"","overlay-gradient":""},"mobile":{"background-color":"var(--ast-global-color-5)","background-image":"","background-repeat":"repeat","background-position":"center center","background-size":"auto","background-attachment":"scroll","background-type":"","background-media":"","overlay-type":"","overlay-color":"","overlay-opacity":"","overlay-gradient":""}}},"product_brand":[],"product_cat":[501,115],"product_tag":[],"class_list":{"0":"post-45037","1":"product","2":"type-product","3":"status-publish","4":"has-post-thumbnail","6":"product_cat-presencial","7":"product_cat-services","8":"desktop-align-left","9":"tablet-align-left","10":"mobile-align-left","12":"first","13":"instock","14":"virtual","15":"taxable","16":"purchasable","17":"product-type-simple"},"_links":{"self":[{"href":"https:\/\/www.quinta-do-rajo.pt\/en\/wp-json\/wp\/v2\/product\/45037","targetHints":{"allow":["GET"]}}],"collection":[{"href":"https:\/\/www.quinta-do-rajo.pt\/en\/wp-json\/wp\/v2\/product"}],"about":[{"href":"https:\/\/www.quinta-do-rajo.pt\/en\/wp-json\/wp\/v2\/types\/product"}],"version-history":[{"count":0,"href":"https:\/\/www.quinta-do-rajo.pt\/en\/wp-json\/wp\/v2\/product\/45037\/revisions"}],"wp:featuredmedia":[{"embeddable":true,"href":"https:\/\/www.quinta-do-rajo.pt\/en\/wp-json\/wp\/v2\/media\/45038"}],"wp:attachment":[{"href":"https:\/\/www.quinta-do-rajo.pt\/en\/wp-json\/wp\/v2\/media?parent=45037"}],"wp:term":[{"taxonomy":"product_brand","embeddable":true,"href":"https:\/\/www.quinta-do-rajo.pt\/en\/wp-json\/wp\/v2\/product_brand?post=45037"},{"taxonomy":"product_cat","embeddable":true,"href":"https:\/\/www.quinta-do-rajo.pt\/en\/wp-json\/wp\/v2\/product_cat?post=45037"},{"taxonomy":"product_tag","embeddable":true,"href":"https:\/\/www.quinta-do-rajo.pt\/en\/wp-json\/wp\/v2\/product_tag?post=45037"}],"curies":[{"name":"wp","href":"https:\/\/api.w.org\/{rel}","templated":true}]}}