{"id":36184,"date":"2020-12-15T18:59:13","date_gmt":"2020-12-15T18:59:13","guid":{"rendered":"https:\/\/www.quinta-do-rajo.pt\/?post_type=product&#038;p=36184"},"modified":"2026-02-16T17:03:45","modified_gmt":"2026-02-16T17:03:45","slug":"a-viagem-da-mae-online","status":"publish","type":"product","link":"https:\/\/www.quinta-do-rajo.pt\/en\/produtos\/a-viagem-da-mae-online\/","title":{"rendered":"The Mother's Journey - Pre and Postpartum Yoga Teacher Training - Online"},"content":{"rendered":"<p><strong>&gt;&gt; Espa\u00f1ol Abajo\u00a0<\/strong><\/p>\n<p>A series of topics covering the journey of experiencing motherhood and women&#039;s life\ncycles, included in 5 modules. This course will be online and bilingual in English and\nSpanish.<\/p>\n<p>One module per month. Each module has 2 live classes, deferred classes, 2 study\ngroups meetings, practicals and work\/assignments to be submitted.<\/p>\n<p><strong>\u00a0<\/strong><\/p>\n<p><strong>M\u00f3dulo 1: Concep\u00e7\u00e3o Consciente<br \/>\n<\/strong>October 25th &amp; 26th<br \/>\nEnglish: 9h -12hs PT \/ Spanish: 15h -18hs PT<\/p>\n<p><b><\/b><strong>M\u00f3dulo 2: Yoga na Gravidez<br \/>\n<\/strong>November 15th - 16th<br \/>\nEnglish: 9h -12hs PT \/ Spanish: 15h -18hs PT<strong><br \/>\n<\/strong><\/p>\n<p><strong>M\u00f3dulo 3: Din\u00e2micas do Parto<br \/>\n<\/strong>December 6th &amp; 7th<br \/>\nEnglish: 9h -12hs PT \/ Spanish: 15h -18hs PT<strong><br \/>\n<\/strong><\/p>\n<p><strong>M\u00f3dulo 4: A Fase P\u00f3s-natal<br \/>\n<\/strong>January 24th &amp; 25th, 2026<br \/>\nEnglish: 9h -12hs PT \/ Spanish: 15h -18hs PT<strong><br \/>\n<\/strong><\/p>\n<p><strong>M\u00f3dulo 5: Lideran\u00e7a e Liberta\u00e7\u00e3o da mulher<br \/>\n<\/strong>February 21st &amp; 22nd, 2026<br \/>\nEnglish: 9h -12hs PT \/ Spanish: 15h -18hs PT<\/p>\n<p>&nbsp;<\/p>\n<p><span style=\"font-family: -apple-system, BlinkMacSystemFont, 'Segoe UI', Roboto, Oxygen-Sans, Ubuntu, Cantarell, 'Helvetica Neue', sans-serif;\">If you want to be certified as a pre- and post-natal yoga teacher, you will need to attend all 5 modules and fulfil other requirements. <\/span><span style=\"font-family: -apple-system, BlinkMacSystemFont, 'Segoe UI', Roboto, Oxygen-Sans, Ubuntu, Cantarell, 'Helvetica Neue', sans-serif;\"><strong>The total course is 120 hours long<\/strong>.<\/span><\/p>\n<p><em>In addition to the above dates, the module includes two study group meetings of 2 hours each, on a day and time to be agreed with the group coordinator.<\/em><\/p>\n<p>See the\u00a0<a href=\"https:\/\/www.quinta-do-rajo.pt\/en\/a-viagem-da-mae-formacao-de-yoga-pre-pos-natal\/\"><strong>certification requirements<\/strong><\/a>.<br \/>\nThe course is only for women over the age of 18.<\/p>\n<p><em>*There is a minimum of 13 participants to ensure that the training takes place.<\/em><\/p>\n<p>*48 hours before the event, an email will be sent to you with all the information and the Zoom access link;<\/p>\n<p>____________________________<\/p>\n<p>For further information, please contact us by email at <a href=\"mailto:gurujot@quinta-do-rajo.pt\">gurujot@quinta-do-rajo.pt<\/a><\/p>\n<p>____________________________________________________________________________________________________<\/p>\n<p><strong>&gt;<\/strong><strong>&gt; Espa\u00f1o<\/strong><strong style=\"font-family: -apple-system, BlinkMacSystemFont, 'Segoe UI', Roboto, Oxygen-Sans, Ubuntu, Cantarell, 'Helvetica Neue', sans-serif;\">l &lt;&lt;<\/strong><\/p>\n<div>Una serie de temas que cubren el camino de la experiencia de la maternidad y otros ciclos de vida de las mujeres, incluidos en 5 m\u00f3dulos.<\/div>\n<p dir=\"ltr\">Este curso se realiza online, un m\u00f3dulo por mes. Cada m\u00f3dulo incluye 2 clases en vivo, videos pre-grabados te\u00f3ricos y pr\u00e1cticos, 2 encuentros de grupos de estudio, tareas para la casa y 1 evaluaci\u00f3n.<\/p>\n<p>&nbsp;<\/p>\n<p><strong>M\u00d3DULO 1: Concepci\u00f3n Consciente<\/strong><br \/>\n25 y 26 de Octubre<br \/>\nEspa\u00f1ol 15h &#8211; 18h PT<\/p>\n<p><strong>M\u00d3DULO 2: Yoga en el Embarazo<\/strong><br \/>\n15 y 16 de Noviembre<br \/>\nEspa\u00f1ol 15h-18h PT<\/p>\n<p><strong>M\u00d3DULO 3: Din\u00e1micas del Parto<\/strong><br \/>\n6 y 7 de Diciembre<br \/>\nEspa\u00f1ol 15h-18h PT<\/p>\n<p><strong>M\u00d3DULO 4: La etapa del Posparto<\/strong><br \/>\n23 y 24 de Enero<br \/>\nEspa\u00f1ol 15h-18h PT<\/p>\n<p><strong>M\u00d3DULO 5: Liderazgo y Liberaci\u00f3n de la Mujer<\/strong><br \/>\n21 y 22 de febrero<br \/>\nEspa\u00f1ol 15h &#8211; 18h PT<\/p>\n<p>&nbsp;<\/p>\n<p dir=\"ltr\">Si deseas certificarte\u00a0 como profesora de yoga pre y post-natal, debes asistir a los 5 m\u00f3dulos y cumplir otros requisitos. El curso total tiene una carga de trabajo de <strong>120 horas<\/strong>.<\/p>\n<p dir=\"ltr\">V\u00e9anse los <a href=\"https:\/\/www.quinta-do-rajo.pt\/en\/a-viagem-da-mae-formacao-de-yoga-pre-pos-natal\/\">requisitos para la certificaci\u00f3n<\/a>.<\/p>\n<p dir=\"ltr\">El curso es para mujeres mayores de 18 a\u00f1os.<\/p>\n<p dir=\"ltr\">*48h antes del evento, se enviar\u00e1 un correo electr\u00f3nico con toda la informaci\u00f3n y el enlace para acceder a Zoom;<\/p>\n<p dir=\"ltr\">Para obtener m\u00e1s informaci\u00f3n, dir\u00edgete a <a href=\"mailto:gurujot@quinta-do-rajo.pt\" target=\"_blank\" rel=\"noopener\">gurujot@quinta-do-rajo.pt<\/a><\/p>","protected":false},"excerpt":{"rendered":"<p>&gt;&gt; Espa\u00f1ol Abajo\u00a0 Uma s\u00e9rie de temas que cobrem o trajecto da viv\u00eancia da maternidade e ciclos de vida da [&hellip;]<\/p>\n","protected":false},"featured_media":45801,"template":"","meta":{"site-sidebar-layout":"default","site-content-layout":"","ast-site-content-layout":"default","site-content-style":"default","site-sidebar-style":"default","ast-global-header-display":"","ast-banner-title-visibility":"","ast-main-header-display":"","ast-hfb-above-header-display":"","ast-hfb-below-header-display":"","ast-hfb-mobile-header-display":"","site-post-title":"","ast-breadcrumbs-content":"","ast-featured-img":"","footer-sml-layout":"","ast-disable-related-posts":"","theme-transparent-header-meta":"default","adv-header-id-meta":"","stick-header-meta":"","header-above-stick-meta":"","header-main-stick-meta":"","header-below-stick-meta":"","astra-migrate-meta-layouts":"set","ast-page-background-enabled":"default","ast-page-background-meta":{"desktop":{"background-color":"var(--ast-global-color-4)","background-image":"","background-repeat":"repeat","background-position":"center center","background-size":"auto","background-attachment":"scroll","background-type":"","background-media":"","overlay-type":"","overlay-color":"","overlay-opacity":"","overlay-gradient":""},"tablet":{"background-color":"","background-image":"","background-repeat":"repeat","background-position":"center center","background-size":"auto","background-attachment":"scroll","background-type":"","background-media":"","overlay-type":"","overlay-color":"","overlay-opacity":"","overlay-gradient":""},"mobile":{"background-color":"","background-image":"","background-repeat":"repeat","background-position":"center center","background-size":"auto","background-attachment":"scroll","background-type":"","background-media":"","overlay-type":"","overlay-color":"","overlay-opacity":"","overlay-gradient":""}},"ast-content-background-meta":{"desktop":{"background-color":"var(--ast-global-color-5)","background-image":"","background-repeat":"repeat","background-position":"center center","background-size":"auto","background-attachment":"scroll","background-type":"","background-media":"","overlay-type":"","overlay-color":"","overlay-opacity":"","overlay-gradient":""},"tablet":{"background-color":"var(--ast-global-color-5)","background-image":"","background-repeat":"repeat","background-position":"center center","background-size":"auto","background-attachment":"scroll","background-type":"","background-media":"","overlay-type":"","overlay-color":"","overlay-opacity":"","overlay-gradient":""},"mobile":{"background-color":"var(--ast-global-color-5)","background-image":"","background-repeat":"repeat","background-position":"center center","background-size":"auto","background-attachment":"scroll","background-type":"","background-media":"","overlay-type":"","overlay-color":"","overlay-opacity":"","overlay-gradient":""}}},"product_brand":[],"product_cat":[49,237],"product_tag":[],"class_list":{"0":"post-36184","1":"product","2":"type-product","3":"status-publish","4":"has-post-thumbnail","6":"product_cat-formacoes","7":"product_cat-online","8":"desktop-align-left","9":"tablet-align-left","10":"mobile-align-left","12":"first","13":"instock","14":"taxable","15":"shipping-taxable","16":"purchasable","17":"product-type-variable"},"_links":{"self":[{"href":"https:\/\/www.quinta-do-rajo.pt\/en\/wp-json\/wp\/v2\/product\/36184","targetHints":{"allow":["GET"]}}],"collection":[{"href":"https:\/\/www.quinta-do-rajo.pt\/en\/wp-json\/wp\/v2\/product"}],"about":[{"href":"https:\/\/www.quinta-do-rajo.pt\/en\/wp-json\/wp\/v2\/types\/product"}],"version-history":[{"count":0,"href":"https:\/\/www.quinta-do-rajo.pt\/en\/wp-json\/wp\/v2\/product\/36184\/revisions"}],"wp:featuredmedia":[{"embeddable":true,"href":"https:\/\/www.quinta-do-rajo.pt\/en\/wp-json\/wp\/v2\/media\/45801"}],"wp:attachment":[{"href":"https:\/\/www.quinta-do-rajo.pt\/en\/wp-json\/wp\/v2\/media?parent=36184"}],"wp:term":[{"taxonomy":"product_brand","embeddable":true,"href":"https:\/\/www.quinta-do-rajo.pt\/en\/wp-json\/wp\/v2\/product_brand?post=36184"},{"taxonomy":"product_cat","embeddable":true,"href":"https:\/\/www.quinta-do-rajo.pt\/en\/wp-json\/wp\/v2\/product_cat?post=36184"},{"taxonomy":"product_tag","embeddable":true,"href":"https:\/\/www.quinta-do-rajo.pt\/en\/wp-json\/wp\/v2\/product_tag?post=36184"}],"curies":[{"name":"wp","href":"https:\/\/api.w.org\/{rel}","templated":true}]}}