{"id":28843,"date":"2018-11-06T14:34:37","date_gmt":"2018-11-06T14:34:37","guid":{"rendered":"http:\/\/www.quinta-do-rajo.pt\/?post_type=product&#038;p=28843"},"modified":"2025-12-28T15:09:28","modified_gmt":"2025-12-28T15:09:28","slug":"yoga-kundalini-eu","status":"publish","type":"product","link":"https:\/\/www.quinta-do-rajo.pt\/en\/produtos\/yoga-kundalini-eu\/","title":{"rendered":"Yoga, Kundalini &amp; Eu \u2013 by Satya Kaur"},"content":{"rendered":"<p>O poder da Kundalini \u00e9 indiscrit\u00edvel. Ningu\u00e9m se atreve a dizer que n\u00e3o \u00e9 nada de especial e que os efeitos do seu despertar nem a todos se aplicam. Este manual demonstra de maneira pr\u00e1tica como obter not\u00e1veis experi\u00eancias de totalidade e compreens\u00e3o com repercuss\u00f5es para o restante das nossas vidas.<\/p>\n<p>Confrontando padr\u00f5es de h\u00e1bitos f\u00edsicos e convidando o corpo a experimentar n\u00edveis de energia diferentes \u00e9 poss\u00edvel estabelecer estados de auto-cura f\u00edsica. Este livro cont\u00e9m 18 diferentes s\u00e9ries de exerc\u00edcios f\u00edsicos, com explica\u00e7\u00f5es guiadas, que permitem a qualquer pessoa praticar e experimentar um grande bem-estar e uma maior aptid\u00e3o f\u00edsica. As 18 diferentes t\u00e9cnicas de medita\u00e7\u00e3o permitem o leitor a aprender a meditar eficazmente, a ultrapassar a ansiedade e a ligar-se ao seu esp\u00edrito e ao Esp\u00edrito Universal.<\/p>\n<p>Atrav\u00e9s do som de mantras e c\u00e2nticos que fazem parte do\u00a0<strong>Kundalini Yoga\u00a0<\/strong>segundo\u00a0<strong>Yogui Bhajan<\/strong>\u00a0\u00e9 poss\u00edvel darmo-nos conta de realidades subtis por n\u00f3s desconhecidas. O nosso destino assume ent\u00e3o dimens\u00f5es diferentes. O\u00a0<strong>CD incluso<\/strong>\u00a0no verso deste livro cont\u00e9m amostras de\u00a0<strong>25 mantras Kundalini<\/strong>\u00a0e demonstra como come\u00e7ar finalmente a cantar com todo o gosto.<\/p>\n<p>Todos os adeptos do Yoga e estudantes do misticismo oriental encontrar\u00e3o uma oportunidade de conhecer por eles pr\u00f3prios aquilo que leram noutros livros ou do que j\u00e1 ouviram falar: o nosso pr\u00f3prio Ser ao nosso pr\u00f3prio alcance.<\/p>\n<p>220 p\u00e1ginas, numerosas ilustra\u00e7\u00f5es.<br \/>\nCom CD!<br \/>\nIdioma: portugu\u00eas<\/p>","protected":false},"excerpt":{"rendered":"<p>O poder da Kundalini \u00e9 indiscrit\u00edvel. Ningu\u00e9m se atreve a dizer que n\u00e3o \u00e9 nada de especial e que os [&hellip;]<\/p>\n","protected":false},"featured_media":45162,"template":"","meta":{"site-sidebar-layout":"default","site-content-layout":"","ast-site-content-layout":"default","site-content-style":"default","site-sidebar-style":"default","ast-global-header-display":"","ast-banner-title-visibility":"","ast-main-header-display":"","ast-hfb-above-header-display":"","ast-hfb-below-header-display":"","ast-hfb-mobile-header-display":"","site-post-title":"","ast-breadcrumbs-content":"","ast-featured-img":"","footer-sml-layout":"","ast-disable-related-posts":"","theme-transparent-header-meta":"default","adv-header-id-meta":"","stick-header-meta":"","header-above-stick-meta":"","header-main-stick-meta":"","header-below-stick-meta":"","astra-migrate-meta-layouts":"set","ast-page-background-enabled":"default","ast-page-background-meta":{"desktop":{"background-color":"var(--ast-global-color-4)","background-image":"","background-repeat":"repeat","background-position":"center center","background-size":"auto","background-attachment":"scroll","background-type":"","background-media":"","overlay-type":"","overlay-color":"","overlay-opacity":"","overlay-gradient":""},"tablet":{"background-color":"","background-image":"","background-repeat":"repeat","background-position":"center center","background-size":"auto","background-attachment":"scroll","background-type":"","background-media":"","overlay-type":"","overlay-color":"","overlay-opacity":"","overlay-gradient":""},"mobile":{"background-color":"","background-image":"","background-repeat":"repeat","background-position":"center center","background-size":"auto","background-attachment":"scroll","background-type":"","background-media":"","overlay-type":"","overlay-color":"","overlay-opacity":"","overlay-gradient":""}},"ast-content-background-meta":{"desktop":{"background-color":"var(--ast-global-color-5)","background-image":"","background-repeat":"repeat","background-position":"center center","background-size":"auto","background-attachment":"scroll","background-type":"","background-media":"","overlay-type":"","overlay-color":"","overlay-opacity":"","overlay-gradient":""},"tablet":{"background-color":"var(--ast-global-color-5)","background-image":"","background-repeat":"repeat","background-position":"center center","background-size":"auto","background-attachment":"scroll","background-type":"","background-media":"","overlay-type":"","overlay-color":"","overlay-opacity":"","overlay-gradient":""},"mobile":{"background-color":"var(--ast-global-color-5)","background-image":"","background-repeat":"repeat","background-position":"center center","background-size":"auto","background-attachment":"scroll","background-type":"","background-media":"","overlay-type":"","overlay-color":"","overlay-opacity":"","overlay-gradient":""}}},"product_brand":[],"product_cat":[98],"product_tag":[101,100,102],"class_list":{"0":"post-28843","1":"product","2":"type-product","3":"status-publish","4":"has-post-thumbnail","6":"product_cat-livros","7":"product_tag-kundalini-yoga","8":"product_tag-livros","9":"product_tag-satya-kaur","10":"desktop-align-left","11":"tablet-align-left","12":"mobile-align-left","14":"first","15":"instock","16":"taxable","17":"shipping-taxable","18":"purchasable","19":"product-type-simple"},"_links":{"self":[{"href":"https:\/\/www.quinta-do-rajo.pt\/en\/wp-json\/wp\/v2\/product\/28843","targetHints":{"allow":["GET"]}}],"collection":[{"href":"https:\/\/www.quinta-do-rajo.pt\/en\/wp-json\/wp\/v2\/product"}],"about":[{"href":"https:\/\/www.quinta-do-rajo.pt\/en\/wp-json\/wp\/v2\/types\/product"}],"version-history":[{"count":0,"href":"https:\/\/www.quinta-do-rajo.pt\/en\/wp-json\/wp\/v2\/product\/28843\/revisions"}],"wp:featuredmedia":[{"embeddable":true,"href":"https:\/\/www.quinta-do-rajo.pt\/en\/wp-json\/wp\/v2\/media\/45162"}],"wp:attachment":[{"href":"https:\/\/www.quinta-do-rajo.pt\/en\/wp-json\/wp\/v2\/media?parent=28843"}],"wp:term":[{"taxonomy":"product_brand","embeddable":true,"href":"https:\/\/www.quinta-do-rajo.pt\/en\/wp-json\/wp\/v2\/product_brand?post=28843"},{"taxonomy":"product_cat","embeddable":true,"href":"https:\/\/www.quinta-do-rajo.pt\/en\/wp-json\/wp\/v2\/product_cat?post=28843"},{"taxonomy":"product_tag","embeddable":true,"href":"https:\/\/www.quinta-do-rajo.pt\/en\/wp-json\/wp\/v2\/product_tag?post=28843"}],"curies":[{"name":"wp","href":"https:\/\/api.w.org\/{rel}","templated":true}]}}