{"id":45400,"date":"2024-07-17T12:24:49","date_gmt":"2024-07-17T11:24:49","guid":{"rendered":"https:\/\/www.quinta-do-rajo.pt\/satya-kaur-2-2\/"},"modified":"2026-03-23T19:50:21","modified_gmt":"2026-03-23T19:50:21","slug":"elvira-grossmaan","status":"publish","type":"page","link":"https:\/\/www.quinta-do-rajo.pt\/en\/elvira-grossmaan\/","title":{"rendered":"Elvira Grossmaan"},"content":{"rendered":"<div data-elementor-type=\"wp-page\" data-elementor-id=\"45400\" class=\"elementor elementor-45400\">\n\t\t\t\t<div class=\"elementor-element elementor-element-959ce41 e-flex e-con-boxed e-con e-parent\" data-id=\"959ce41\" data-element_type=\"container\" data-e-type=\"container\">\n\t\t\t\t\t<div class=\"e-con-inner\">\n\t\t<div class=\"elementor-element elementor-element-a1ac1e9 e-con-full e-flex e-con e-child\" data-id=\"a1ac1e9\" data-element_type=\"container\" data-e-type=\"container\">\n\t\t\t\t<div class=\"elementor-element elementor-element-022e98d elementor-widget elementor-widget-image\" data-id=\"022e98d\" data-element_type=\"widget\" data-e-type=\"widget\" data-widget_type=\"image.default\">\n\t\t\t\t<div class=\"elementor-widget-container\">\n\t\t\t\t\t\t\t\t\t\t\t\t\t\t\t<img fetchpriority=\"high\" decoding=\"async\" width=\"814\" height=\"854\" src=\"https:\/\/www.quinta-do-rajo.pt\/wp-content\/uploads\/2026\/03\/Elvira-Yoga.jpg\" class=\"attachment-large size-large wp-image-46175\" alt=\"\" srcset=\"https:\/\/www.quinta-do-rajo.pt\/wp-content\/uploads\/2026\/03\/Elvira-Yoga.jpg 814w, https:\/\/www.quinta-do-rajo.pt\/wp-content\/uploads\/2026\/03\/Elvira-Yoga-286x300.jpg 286w, https:\/\/www.quinta-do-rajo.pt\/wp-content\/uploads\/2026\/03\/Elvira-Yoga-768x806.jpg 768w, https:\/\/www.quinta-do-rajo.pt\/wp-content\/uploads\/2026\/03\/Elvira-Yoga-11x12.jpg 11w, https:\/\/www.quinta-do-rajo.pt\/wp-content\/uploads\/2026\/03\/Elvira-Yoga-450x472.jpg 450w\" sizes=\"(max-width: 814px) 100vw, 814px\" \/>\t\t\t\t\t\t\t\t\t\t\t\t\t\t\t<\/div>\n\t\t\t\t<\/div>\n\t\t\t\t<\/div>\n\t\t<div class=\"elementor-element elementor-element-25f63c2 e-con-full e-flex e-con e-child\" data-id=\"25f63c2\" data-element_type=\"container\" data-e-type=\"container\">\n\t\t\t\t<div class=\"elementor-element elementor-element-d2cfb86 elementor-widget elementor-widget-heading\" data-id=\"d2cfb86\" data-element_type=\"widget\" data-e-type=\"widget\" data-widget_type=\"heading.default\">\n\t\t\t\t<div class=\"elementor-widget-container\">\n\t\t\t\t\t<h2 class=\"elementor-heading-title elementor-size-default\">About Elvira Grossmann<\/h2>\t\t\t\t<\/div>\n\t\t\t\t<\/div>\n\t\t\t\t<div class=\"elementor-element elementor-element-9d4ebc7 elementor-widget elementor-widget-text-editor\" data-id=\"9d4ebc7\" data-element_type=\"widget\" data-e-type=\"widget\" data-widget_type=\"text-editor.default\">\n\t\t\t\t<div class=\"elementor-widget-container\">\n\t\t\t\t\t\t\t\t\t<p>I discovered Kundalini Yoga in 2008 and was totally thrilled. Level 1 and 2 training followed naturally, also the Karam Kriya consultancy training with my spiritual teacher Shiv Charan Singh, and the journey of becoming a teacher trainer. I enjoy passing on these teachings with joy, lightness and depth. <\/p><p>For several years I have worked as Ashram Manager in Quinta do Rajo in Portugal, followed by running the Ashram 3ho La Fontaine in the South of France. Being an experienced event manager, I joined the team of the European Yoga Festival for a couple of years.<\/p><p>Back in Portugal for a year now, I have been working as Retreat Manager in a beautiful yoga retreat center. Another passion of mine is playing and teaching how to play the Gong.<\/p>\t\t\t\t\t\t\t\t<\/div>\n\t\t\t\t<\/div>\n\t\t\t\t<\/div>\n\t\t\t\t\t<\/div>\n\t\t\t\t<\/div>\n\t\t\t\t<\/div>","protected":false},"excerpt":{"rendered":"<p>Sobre Elvira Grossmann Descobri o Kundalini Yoga em 2008 e fiquei absolutamente encantada. Seguiram-se naturalmente as forma\u00e7\u00f5es de N\u00edvel 1 [&hellip;]<\/p>\n","protected":false},"author":165,"featured_media":0,"parent":0,"menu_order":0,"comment_status":"closed","ping_status":"closed","template":"","meta":{"site-sidebar-layout":"no-sidebar","site-content-layout":"page-builder","ast-site-content-layout":"full-width-container","site-content-style":"default","site-sidebar-style":"default","ast-global-header-display":"","ast-banner-title-visibility":"","ast-main-header-display":"","ast-hfb-above-header-display":"","ast-hfb-below-header-display":"","ast-hfb-mobile-header-display":"","site-post-title":"disabled","ast-breadcrumbs-content":"","ast-featured-img":"disabled","footer-sml-layout":"","ast-disable-related-posts":"","theme-transparent-header-meta":"","adv-header-id-meta":"","stick-header-meta":"","header-above-stick-meta":"","header-main-stick-meta":"","header-below-stick-meta":"","astra-migrate-meta-layouts":"set","ast-page-background-enabled":"default","ast-page-background-meta":{"desktop":{"background-color":"var(--ast-global-color-4)","background-image":"","background-repeat":"repeat","background-position":"center center","background-size":"auto","background-attachment":"scroll","background-type":"","background-media":"","overlay-type":"","overlay-color":"","overlay-opacity":"","overlay-gradient":""},"tablet":{"background-color":"","background-image":"","background-repeat":"repeat","background-position":"center center","background-size":"auto","background-attachment":"scroll","background-type":"","background-media":"","overlay-type":"","overlay-color":"","overlay-opacity":"","overlay-gradient":""},"mobile":{"background-color":"","background-image":"","background-repeat":"repeat","background-position":"center center","background-size":"auto","background-attachment":"scroll","background-type":"","background-media":"","overlay-type":"","overlay-color":"","overlay-opacity":"","overlay-gradient":""}},"ast-content-background-meta":{"desktop":{"background-color":"var(--ast-global-color-5)","background-image":"","background-repeat":"repeat","background-position":"center center","background-size":"auto","background-attachment":"scroll","background-type":"","background-media":"","overlay-type":"","overlay-color":"","overlay-opacity":"","overlay-gradient":""},"tablet":{"background-color":"var(--ast-global-color-5)","background-image":"","background-repeat":"repeat","background-position":"center center","background-size":"auto","background-attachment":"scroll","background-type":"","background-media":"","overlay-type":"","overlay-color":"","overlay-opacity":"","overlay-gradient":""},"mobile":{"background-color":"var(--ast-global-color-5)","background-image":"","background-repeat":"repeat","background-position":"center center","background-size":"auto","background-attachment":"scroll","background-type":"","background-media":"","overlay-type":"","overlay-color":"","overlay-opacity":"","overlay-gradient":""}},"footnotes":""},"class_list":["post-45400","page","type-page","status-publish","hentry"],"_links":{"self":[{"href":"https:\/\/www.quinta-do-rajo.pt\/en\/wp-json\/wp\/v2\/pages\/45400","targetHints":{"allow":["GET"]}}],"collection":[{"href":"https:\/\/www.quinta-do-rajo.pt\/en\/wp-json\/wp\/v2\/pages"}],"about":[{"href":"https:\/\/www.quinta-do-rajo.pt\/en\/wp-json\/wp\/v2\/types\/page"}],"author":[{"embeddable":true,"href":"https:\/\/www.quinta-do-rajo.pt\/en\/wp-json\/wp\/v2\/users\/165"}],"replies":[{"embeddable":true,"href":"https:\/\/www.quinta-do-rajo.pt\/en\/wp-json\/wp\/v2\/comments?post=45400"}],"version-history":[{"count":8,"href":"https:\/\/www.quinta-do-rajo.pt\/en\/wp-json\/wp\/v2\/pages\/45400\/revisions"}],"predecessor-version":[{"id":46212,"href":"https:\/\/www.quinta-do-rajo.pt\/en\/wp-json\/wp\/v2\/pages\/45400\/revisions\/46212"}],"wp:attachment":[{"href":"https:\/\/www.quinta-do-rajo.pt\/en\/wp-json\/wp\/v2\/media?parent=45400"}],"curies":[{"name":"wp","href":"https:\/\/api.w.org\/{rel}","templated":true}]}}