{"id":4332,"date":"2015-09-24T22:19:54","date_gmt":"2015-09-24T21:19:54","guid":{"rendered":"http:\/\/www.quinta-do-rajo.pt\/?page_id=4332"},"modified":"2024-10-30T20:33:18","modified_gmt":"2024-10-30T20:33:18","slug":"consultas","status":"publish","type":"page","link":"https:\/\/www.quinta-do-rajo.pt\/en\/consultas\/","title":{"rendered":"Individual Karam Kriya Consultations"},"content":{"rendered":"<div data-elementor-type=\"wp-page\" data-elementor-id=\"4332\" class=\"elementor elementor-4332\">\n\t\t\t\t<div class=\"elementor-element elementor-element-6493d26 e-flex e-con-boxed e-con e-parent\" data-id=\"6493d26\" data-element_type=\"container\" data-e-type=\"container\">\n\t\t\t\t\t<div class=\"e-con-inner\">\n\t\t\t\t<div class=\"elementor-element elementor-element-109c94ab elementor-widget elementor-widget-text-editor\" data-id=\"109c94ab\" data-element_type=\"widget\" data-e-type=\"widget\" data-widget_type=\"text-editor.default\">\n\t\t\t\t<div class=\"elementor-widget-container\">\n\t\t\t\t\t\t\t\t\t<p>Karam Kriya asks, from a spiritual point of view, why the person is going through the situation they are experiencing and seeks to provide practical solutions to involve the individual in transforming their own life.<\/p><p>Karam = structures that keep us connected and whose only result is repetition<\/p><p>Kriya = saturation of these structures through conscious action that allows us to use time to overcome them.<\/p><div>Karam Kriya is a methodology that aims to raise awareness of karmic patterns and establish realities in line with the nature of our soul.<\/div><div>In an individual consultation, unconscious tendencies are explored through guided internal self-examination, followed by an externalisation of the force that is repressed and needs to be manifested in a free and positive way.<\/div><div>\u00a0<\/div><p>Consultations last one hour and are usually followed by systematic \u2018homework\u2019, which may or may not include Kundalini Yoga.<\/p><div><strong>Registration:<\/strong><\/div><p>Please go to our <span style=\"color: #0066cc;\"><a href=\"https:\/\/www.quinta-do-rajo.pt\/en\/produtos\/consultas-de-terapia-de-yoga-com-satya-kaur\/\">online<\/a><a href=\"http:\/\/www.quinta-do-rajo.pt\/en\/loja\/produtos\/\"> shop<\/a> <\/span>to make your reservation.<\/p><p>For more information, please contact <a href=\"mailto:gurujot@quinta-do-rajo.pt\">gurujot@quinta-do-rajo.pt<\/a><\/p><p><strong>Note:<\/strong> The sessions have a practical side, which can include movements, staged dialogue, body expression, visualisations and commitment rituals. They only become useful to the extent that the client puts into practice what is discovered during the session and after it is over.<\/p>\t\t\t\t\t\t\t\t<\/div>\n\t\t\t\t<\/div>\n\t\t\t\t\t<\/div>\n\t\t\t\t<\/div>\n\t\t<div class=\"elementor-element elementor-element-94d3402 e-flex e-con-boxed e-con e-parent\" data-id=\"94d3402\" data-element_type=\"container\" data-e-type=\"container\">\n\t\t\t\t\t<div class=\"e-con-inner\">\n\t\t\t\t<div class=\"elementor-element elementor-element-deaa38f elementor-widget elementor-widget-heading\" data-id=\"deaa38f\" data-element_type=\"widget\" data-e-type=\"widget\" data-widget_type=\"heading.default\">\n\t\t\t\t<div class=\"elementor-widget-container\">\n\t\t\t\t\t<h3 class=\"elementor-heading-title elementor-size-default\">About Satya Kaur<\/h3>\t\t\t\t<\/div>\n\t\t\t\t<\/div>\n\t\t\t\t\t<\/div>\n\t\t\t\t<\/div>\n\t\t<div class=\"elementor-element elementor-element-53ac2ce e-flex e-con-boxed e-con e-parent\" data-id=\"53ac2ce\" data-element_type=\"container\" data-e-type=\"container\">\n\t\t\t\t\t<div class=\"e-con-inner\">\n\t\t<div class=\"elementor-element elementor-element-713cb07 e-con-full e-flex e-con e-child\" data-id=\"713cb07\" data-element_type=\"container\" data-e-type=\"container\">\n\t\t\t\t<div class=\"elementor-element elementor-element-409ef54 elementor-widget elementor-widget-image\" data-id=\"409ef54\" data-element_type=\"widget\" data-e-type=\"widget\" data-widget_type=\"image.default\">\n\t\t\t\t<div class=\"elementor-widget-container\">\n\t\t\t\t\t\t\t\t\t\t\t\t\t\t\t<img fetchpriority=\"high\" decoding=\"async\" width=\"908\" height=\"1024\" src=\"https:\/\/www.quinta-do-rajo.pt\/wp-content\/uploads\/2024\/05\/Satya-Kaur-908x1024.jpg\" class=\"attachment-large size-large wp-image-45088\" alt=\"Satya Kaur\" srcset=\"https:\/\/www.quinta-do-rajo.pt\/wp-content\/uploads\/2024\/05\/Satya-Kaur-908x1024.jpg 908w, https:\/\/www.quinta-do-rajo.pt\/wp-content\/uploads\/2024\/05\/Satya-Kaur-266x300.jpg 266w, https:\/\/www.quinta-do-rajo.pt\/wp-content\/uploads\/2024\/05\/Satya-Kaur-768x866.jpg 768w, https:\/\/www.quinta-do-rajo.pt\/wp-content\/uploads\/2024\/05\/Satya-Kaur-11x12.jpg 11w, https:\/\/www.quinta-do-rajo.pt\/wp-content\/uploads\/2024\/05\/Satya-Kaur-450x508.jpg 450w, https:\/\/www.quinta-do-rajo.pt\/wp-content\/uploads\/2024\/05\/Satya-Kaur.jpg 1000w\" sizes=\"(max-width: 908px) 100vw, 908px\" \/>\t\t\t\t\t\t\t\t\t\t\t\t\t\t\t<\/div>\n\t\t\t\t<\/div>\n\t\t\t\t<\/div>\n\t\t<div class=\"elementor-element elementor-element-f38635a e-con-full e-flex e-con e-child\" data-id=\"f38635a\" data-element_type=\"container\" data-e-type=\"container\">\n\t\t\t\t<div class=\"elementor-element elementor-element-c37154e elementor-widget elementor-widget-text-editor\" data-id=\"c37154e\" data-element_type=\"widget\" data-e-type=\"widget\" data-widget_type=\"text-editor.default\">\n\t\t\t\t<div class=\"elementor-widget-container\">\n\t\t\t\t\t\t\t\t\t<p>Satya's techniques and advice are based on the therapeutic aspects of Kundalini Yoga and Meditation, Ritual Theatre, the use of real language, dietary advice, self-hypnosis in order to create an internal and external reality aligned with our soul's purpose.<\/p>\t\t\t\t\t\t\t\t<\/div>\n\t\t\t\t<\/div>\n\t\t\t\t<\/div>\n\t\t\t\t\t<\/div>\n\t\t\t\t<\/div>\n\t\t<div class=\"elementor-element elementor-element-78c15c0 e-flex e-con-boxed e-con e-parent\" data-id=\"78c15c0\" data-element_type=\"container\" data-e-type=\"container\">\n\t\t\t\t\t<div class=\"e-con-inner\">\n\t\t\t\t<div class=\"elementor-element elementor-element-9d4e6fa elementor-align-center elementor-widget elementor-widget-button\" data-id=\"9d4e6fa\" data-element_type=\"widget\" data-e-type=\"widget\" data-widget_type=\"button.default\">\n\t\t\t\t<div class=\"elementor-widget-container\">\n\t\t\t\t\t\t\t\t\t<div class=\"elementor-button-wrapper\">\n\t\t\t\t\t<a class=\"elementor-button elementor-button-link elementor-size-sm\" href=\"https:\/\/www.quinta-do-rajo.pt\/en\/produtos\/consultas-de-terapia-de-yoga-com-satya-kaur\/\">\n\t\t\t\t\t\t<span class=\"elementor-button-content-wrapper\">\n\t\t\t\t\t\t\t\t\t<span class=\"elementor-button-text\">Book an appointment<\/span>\n\t\t\t\t\t<\/span>\n\t\t\t\t\t<\/a>\n\t\t\t\t<\/div>\n\t\t\t\t\t\t\t\t<\/div>\n\t\t\t\t<\/div>\n\t\t\t\t\t<\/div>\n\t\t\t\t<\/div>\n\t\t\t\t<\/div>","protected":false},"excerpt":{"rendered":"<p>A Karam Kriya pergunta, sob um ponto de vista espiritual, porque \u00e9 que a pessoa est\u00e1 a passar pela situa\u00e7\u00e3o [&hellip;]<\/p>\n","protected":false},"author":165,"featured_media":0,"parent":0,"menu_order":3,"comment_status":"closed","ping_status":"closed","template":"","meta":{"site-sidebar-layout":"default","site-content-layout":"","ast-site-content-layout":"default","site-content-style":"default","site-sidebar-style":"default","ast-global-header-display":"","ast-banner-title-visibility":"","ast-main-header-display":"","ast-hfb-above-header-display":"","ast-hfb-below-header-display":"","ast-hfb-mobile-header-display":"","site-post-title":"","ast-breadcrumbs-content":"","ast-featured-img":"","footer-sml-layout":"","ast-disable-related-posts":"","theme-transparent-header-meta":"","adv-header-id-meta":"","stick-header-meta":"","header-above-stick-meta":"","header-main-stick-meta":"","header-below-stick-meta":"","astra-migrate-meta-layouts":"default","ast-page-background-enabled":"default","ast-page-background-meta":{"desktop":{"background-color":"var(--ast-global-color-4)","background-image":"","background-repeat":"repeat","background-position":"center center","background-size":"auto","background-attachment":"scroll","background-type":"","background-media":"","overlay-type":"","overlay-color":"","overlay-opacity":"","overlay-gradient":""},"tablet":{"background-color":"","background-image":"","background-repeat":"repeat","background-position":"center center","background-size":"auto","background-attachment":"scroll","background-type":"","background-media":"","overlay-type":"","overlay-color":"","overlay-opacity":"","overlay-gradient":""},"mobile":{"background-color":"","background-image":"","background-repeat":"repeat","background-position":"center center","background-size":"auto","background-attachment":"scroll","background-type":"","background-media":"","overlay-type":"","overlay-color":"","overlay-opacity":"","overlay-gradient":""}},"ast-content-background-meta":{"desktop":{"background-color":"var(--ast-global-color-5)","background-image":"","background-repeat":"repeat","background-position":"center center","background-size":"auto","background-attachment":"scroll","background-type":"","background-media":"","overlay-type":"","overlay-color":"","overlay-opacity":"","overlay-gradient":""},"tablet":{"background-color":"var(--ast-global-color-5)","background-image":"","background-repeat":"repeat","background-position":"center center","background-size":"auto","background-attachment":"scroll","background-type":"","background-media":"","overlay-type":"","overlay-color":"","overlay-opacity":"","overlay-gradient":""},"mobile":{"background-color":"var(--ast-global-color-5)","background-image":"","background-repeat":"repeat","background-position":"center center","background-size":"auto","background-attachment":"scroll","background-type":"","background-media":"","overlay-type":"","overlay-color":"","overlay-opacity":"","overlay-gradient":""}},"footnotes":""},"class_list":["post-4332","page","type-page","status-publish","hentry"],"_links":{"self":[{"href":"https:\/\/www.quinta-do-rajo.pt\/en\/wp-json\/wp\/v2\/pages\/4332","targetHints":{"allow":["GET"]}}],"collection":[{"href":"https:\/\/www.quinta-do-rajo.pt\/en\/wp-json\/wp\/v2\/pages"}],"about":[{"href":"https:\/\/www.quinta-do-rajo.pt\/en\/wp-json\/wp\/v2\/types\/page"}],"author":[{"embeddable":true,"href":"https:\/\/www.quinta-do-rajo.pt\/en\/wp-json\/wp\/v2\/users\/165"}],"replies":[{"embeddable":true,"href":"https:\/\/www.quinta-do-rajo.pt\/en\/wp-json\/wp\/v2\/comments?post=4332"}],"version-history":[{"count":0,"href":"https:\/\/www.quinta-do-rajo.pt\/en\/wp-json\/wp\/v2\/pages\/4332\/revisions"}],"wp:attachment":[{"href":"https:\/\/www.quinta-do-rajo.pt\/en\/wp-json\/wp\/v2\/media?parent=4332"}],"curies":[{"name":"wp","href":"https:\/\/api.w.org\/{rel}","templated":true}]}}