{"id":4068,"date":"2015-09-23T22:03:40","date_gmt":"2015-09-23T21:03:40","guid":{"rendered":"http:\/\/www.quinta-do-rajo.pt\/?page_id=4068"},"modified":"2024-01-16T14:15:39","modified_gmt":"2024-01-16T14:15:39","slug":"termos-e-condicoes","status":"publish","type":"page","link":"https:\/\/www.quinta-do-rajo.pt\/en\/termos-e-condicoes\/","title":{"rendered":"Terms and Conditions"},"content":{"rendered":"<p>[vc_row][vc_column][vc_column_text]<strong>Termos<\/strong><\/p>\n<p>Para efeitos deste documento, quando mencionamos \u201cA empresa\u201d referimo-nos \u00e0 Quinta do Rajo\/ Satya Kaur e quando escrevemos \u201cO cliente\u201d referimo-nos ao comprador de qualquer produto (por exemplo de servi\u00e7os da loja online) oferecido pela empresa.<\/p>\n<p><strong>\u00a01. Loja Online<\/strong><\/p>\n<p>1.1 Items<br \/>\nTodos os produtos s\u00e3o conforme descritos\/imagem do site. Os pre\u00e7os indicados incluem IVA \u00e0 taxa de 23%.<\/p>\n<p><strong>2. Eventos\/Actividades<\/strong><\/p>\n<p>2.1 Permiss\u00f5es<br \/>\nAssume-se a permiss\u00e3o para usar fotos tiradas com o aluno no nosso espa\u00e7o;<br \/>\n-No contexto da participa\u00e7\u00e3o na forma\u00e7\u00e3o ministrada por Satya Kaur, assumimos que aceita a utiliza\u00e7\u00e3o de todas as funcionalidades em plataformas e ferramentas de apoio ao ensino \u00e0 dist\u00e2ncia na modalidade de Forma\u00e7\u00e3o ao Vivo Online, nomeadamente a activa\u00e7\u00e3o de som, v\u00eddeo, grava\u00e7\u00e3o, notas, partilha de ecr\u00e3, quiz, chat, reac\u00e7\u00f5es, question\u00e1rios, relat\u00f3rios, troca de informa\u00e7\u00f5es, avalia\u00e7\u00f5es e documenta\u00e7\u00e3o de apoio.<br \/>\n-\u00c9 proibido capturar ou gravar de qualquer forma as aulas a realizar, a partilha qualquer conte\u00fado leccionado, sem a autoriza\u00e7\u00e3o expressa do formador.<\/p>\n<p>2.2\u00a0Responsabilidades\/Acidentes<br \/>\nN\u00e3o nos responsabilizamos se os alunos se magoarem nas instala\u00e7\u00f5es;<\/p>\n<p>2.3 Cancelamentos<br \/>\nNo caso restrito de n\u00e3o existir um n\u00famero m\u00ednimo de inscri\u00e7\u00f5es, para tornar vi\u00e1vel a realiza\u00e7\u00e3o de uma forma\u00e7\u00e3o, a empresa reserva para si o direito de cancelar essa actividade at\u00e9 6 semanas antes da data do seu in\u00edcio. Nestes casos a empresa informa todos os que tenham por ventura feito a sua inscri\u00e7\u00e3o.<\/p>\n<p><strong>3<\/strong>.<strong> Consultas<\/strong><\/p>\n<p>As consultas podem ser cancelados, com aviso pr\u00e9vio, at\u00e9 24 horas antes do hor\u00e1rio agendado, com o valor reembolsado na sua totalidade. A falta de presen\u00e7a a uma consulta, sem haver aviso pr\u00e9vio de 24 horas, resultar\u00e1 na cobran\u00e7a integral a do valor da consulta.<\/p>\n<p><strong>4. Pagamento<\/strong><\/p>\n<p>Os pagamentos dever\u00e3o ser efectuados via paypal ou cart\u00e3o de cr\u00e9dito na loja online dispon\u00edvel no website da Quinta do Rajo \/ Satya Kaur.<\/p>\n<p><strong>5. Devolu\u00e7\u00f5es, Reembolsos e Cancelamentos<\/strong><\/p>\n<p>Todas as taxas de inscri\u00e7\u00e3o pagas pelo cliente para um servi\u00e7o n\u00e3o s\u00e3o reembols\u00e1veis, exceptuando:<br \/>\n-no caso de um evento ser cancelado pela empresa, o dep\u00f3sito integral ser\u00e1 devolvido ao cliente;<br \/>\n-no caso do cliente proceder a um aviso pr\u00e9vio de 7 dias, o valor \u00e9 50% reembols\u00e1vel.<br \/>\n-no caso de cancelamento do evento presencial, devido \u00e0s restri\u00e7\u00f5es de viagem internacionais recorrentes, o curso ser\u00e1 realizado online e n\u00e3o haver\u00e1 lugar ao reembolso do valor pago.<\/p>\n<p>Os pagamentos n\u00e3o s\u00e3o transfer\u00edveis.<\/p>\n<p>Se um evento se realizar novamente no futuro e o cliente tiver interesse de participar poder\u00e1 adiar a sua inscri\u00e7\u00e3o para esta nova data. O pagamento j\u00e1 feito ser\u00e1 aceite e n\u00e3o ser\u00e3o cobradas outras despesas, caso seja avisado com 7 dias de anteced\u00eancia.<\/p>\n<p><strong>6. Direitos de Autor<\/strong><\/p>\n<p>As marcas, nomes, logotipos (designadas por \u201cMarcas\u201d) exibidos neste site, s\u00e3o marcas registadas e n\u00e3o registadas da Quinta do Rajo \/ Satya Kaur. Nenhum conte\u00fado deste site deve ser interpretado como concess\u00e3o de qualquer licen\u00e7a ou direito de uso de qualquer das marcas comerciais, sem a autoriza\u00e7\u00e3o pr\u00e9via e por escrito da Quinta do Rajo \/ Satya Kaur. O conte\u00fado, texto e imagens, exibidos neste site \u00e9 de propriedade da Quinta do Rajo \/ Satya Kaur e n\u00e3o podem ser reproduzidos, no todo ou em parte, sem a permiss\u00e3o expressa e por escrito da Quinta do Rajo \/ Satya Kaur.[\/vc_column_text][us_separator][vc_column_text]<\/p>\n<h2>Termos de utiliza\u00e7\u00e3o e Pol\u00edtica de Privacidade<\/h2>\n<p>A Quinta do Rajo \/ Satya Kaur, com sede na Rua de S\u00e3o Jos\u00e9, 3 &#8211; Moucheira, 2705-702 S\u00e3o Jo\u00e3o das Lampas, com o NIF 144 676 036, promove cursos e forma\u00e7\u00f5es, essencialmente de Kundalini Yoga, Karam Kriya, Herbalismo e Cuidado Pr\u00e9 &amp; P\u00f3s-natal<\/p>\n<p>Meio de contacto geral para qualquer esclarecimento adicional que necessite ou pedido que nos queira fazer chegar, cuja resposta n\u00e3o encontre nesta pol\u00edtica: satya@quinta-do-rajo.pt<\/p>\n<p>Para todos e quaisquer efeitos a Quinta do Rajo \/ Satya Kaur \u00e9 a \u00fanica detentora de todos os dados que recolhe ou que lhe s\u00e3o fornecidos por diversos meios.<\/p>\n<p>Agradecemos que consulte esta p\u00e1gina sempre que tenha d\u00favidas.<\/p>\n<p>Data de revis\u00e3o: 30 de Novembro, 2023<\/p>\n<h2>Que dados pessoais recolhemos e para que finalidades?<\/h2>\n<p>Apresentamos de seguida e de forma mais detalhada os dados que recolhemos para diferentes finalidades:<\/p>\n<p>1. Recolhemos informa\u00e7\u00f5es de parceiros e clientes (de diferentes formas: email, telefone, etc) que se relacionam connosco numa \u00f3ptica de rela\u00e7\u00e3o comercial, sendo esses dados utilizados para os fins legais obrigat\u00f3rios ou comunica\u00e7\u00f5es ligadas aos projectos que temos em conjunto. Todos os dados que nos fornecem podem ser registados se considerados v\u00e1lidos e \u00fateis, e utilizamos os diferentes meios de contacto que nos fornecem para a gest\u00e3o da rela\u00e7\u00e3o\u00a0comercial.<\/p>\n<p>2. Registamos dados de sujeitos ou entidades que nos contactam (atrav\u00e9s de diferentes meios: pessoalmente, por email, por telefone, nos formul\u00e1rios online,\u00a0etc) para saberem mais informa\u00e7\u00e3o sobre os nossos servi\u00e7os. Esses dados s\u00e3o utilizados apenas para podermos fornecer a informa\u00e7\u00e3o que nos \u00e9 solicitada e,\u00a0que consideramos poder ser do seu interesse. Estes contactos n\u00e3o s\u00e3o utilizados para efeitos de marketing.<\/p>\n<p>3. Recolhemos alguns dados pessoais de forma directa no nosso website:<br \/>\na) Loja online: quando efectuada uma compra, exclusivamente para efeitos de factura\u00e7\u00e3o.<\/p>\n<p>4. Recolhemos ainda outros dados pessoais no nosso website atrav\u00e9s de cookies e outras ferramentas de acompanhamento do utilizador, no sentido de\u00a0conhecer o interesse dos utilizadores nos nossos conte\u00fados e, a forma como interagem com os mesmos. S\u00f3 assim podemos melhorar a usabilidade e\u00a0utilidade da informa\u00e7\u00e3o que disponibilizamos. (saiba mais sobre as cookies que utilizamos abaixo)<\/p>\n<p>5. N\u00e3o efetuamos registo de dados pessoais de menores de idade e, caso tomemos conhecimento de que tal informa\u00e7\u00e3o nos foi enviada ou foi registada\u00a0por engano, ser\u00e1 de imediato apagada dos nossos registos.<\/p>\n<h2>Por quanto tempo guardamos os seus dados pessoais?<\/h2>\n<p>Caso pretenda que apaguemos de todo a sua informa\u00e7\u00e3o pessoal dever\u00e1 fazer-nos chegar um email com o seu pedido para o nosso email geral.<\/p>\n<p>Ao pedir para apagarmos toda a sua informa\u00e7\u00e3o, deixaremos de ter conhecimento de todos os seus dados pessoais. Os seus dados s\u00f3 n\u00e3o ser\u00e3o apagados por completo caso exista alguma raz\u00e3o legal para n\u00e3o o fazermos.<\/p>\n<p>Todos os restantes dados pessoais que nos chegam por diversos meio de contacto, s\u00e3o guardados durante o tempo necess\u00e1rio para o cumprimento de obriga\u00e7\u00f5es legais ou durante o tempo considerado necess\u00e1rio para a gest\u00e3o de propostas, envio de informa\u00e7\u00f5es comerciais solicitadas, para gest\u00e3o interna e acompanhamento de potenciais clientes ou parcerias, sendo apagados quando forem considerados desnecess\u00e1rios ou obsoletos, ou quando nos for requisitado que sejam apagados, desde que seja legitimamente poss\u00edvel.<\/p>\n<h2>Guarda e utiliza\u00e7\u00e3o dos dados pessoais<\/h2>\n<p>Saiba que toda a informa\u00e7\u00e3o recolhida pela Quinta do Rajo \/ Satya Kaur, em qualquer meio ou forma, \u00e9 apenas para utiliza\u00e7\u00e3o pela Quinta do Rajo \/ Satya Kaur e n\u00e3o \u00e9 de todo utilizada para emails de Spam, marketing, nem cedida ou vendida a nenhuma outra entidade. \u00c9 apenas para nossa gest\u00e3o e nosso processamento interno.<br \/>\nOs utilizadores poder\u00e3o ser contactados para fins de marketing pela nossa Empresa, apenas de acordo com o meio de contacto que nos fornecer e para os fins que pretender e nos der consentimento. Caso pretenda revogar o seu consentimento \u00e9 livre de o fazer em qualquer momento. Para esclarecimentos n\u00e3o hesite em contactar-nos.<\/p>\n<p>A nossa pol\u00edtica de privacidade aplica-se a todos os dados que temos registados e n\u00e3o apenas aos dados recolhidos online.<\/p>\n<h3>Acesso aos dados<\/h3>\n<p>Alguns destes dados poder\u00e3o ser visualizados por sujeitos individuais ou entidades parceiras da nossa Empresa, que se encontram em estreita colabora\u00e7\u00e3o com a Quinta do Rajo \/ Satya Kaur. Esta partilha limita-se ao estritamente necess\u00e1rio e \u00e9 apenas com a finalidade de nos ajudarem e colaborarem em processo internos da Quinta do Rajo \/ Satya Kaur, e dentro do \u00e2mbito da nossa actividade.<\/p>\n<p>Todos esses sujeitos individuais e entidades servem apenas para nos dar suporte \u00e0 gest\u00e3o, e garantem-nos o cumprimento da nossa pol\u00edtica de privacidade e do sigilo sobre os seus dados, n\u00e3o os podendo utilizar de forma nenhuma indevida.<\/p>\n<h2>Seguran\u00e7a<\/h2>\n<p>A Quinta do Rajo \/ Satya Kaur procura sempre utilizar meios e sistemas com a seguran\u00e7a adequada para os dados que det\u00e9m dos utilizadores e o processamento que efectua.<\/p>\n<p>Queremos que se sinta seguro quando nos fornece os seus dados pessoais e\u00a0que saiba que se encontram seguros e n\u00e3o ser\u00e3o utilizados de formas\u00a0indevidas ou para quaisquer fins que n\u00e3o tenha dado o seu consentimento.<\/p>\n<p>A Quinta do Rajo \/ Satya Kaur procura seguir sempre as melhores pr\u00e1ticas de acordo com o regulamento de Protec\u00e7\u00e3o de Dados em vigor, procurando formas adequadas<br \/>\nde seguran\u00e7a e de privacidade dos seus dados pessoais de acordo com as\u00a0actividades que realiza.<\/p>\n<h2>Termos de Utiliza\u00e7\u00e3o do nosso website<\/h2>\n<p>Queremos que saiba que ao visitar o nosso website e interagir com as nossas\u00a0newsletters, estamos a guardar cookies no seu browser de navega\u00e7\u00e3o.<\/p>\n<h3>Sobre as Cookies e ferramentas acompanhamento online:<\/h3>\n<p>O nosso website utiliza cookies e outras ferramentas de acompanhamento, que\u00a0nos permitem saber dados sobre a navega\u00e7\u00e3o dos utilizadores. Estas\u00a0ferramentas permitem-nos oferecer-lhe uma melhor experi\u00eancia de utiliza\u00e7\u00e3o\u00a0do site, bem como perceber as \u00e1reas de maior interesse para os utilizadores.<\/p>\n<p>Utilizamos cookies de estat\u00edsticas do google para saber quais as p\u00e1ginas a que os utilizadores acedem, e que recolhe alguns dados pessoais sobre o seu IP,\u00a0browser de navega\u00e7\u00e3o e outras informa\u00e7\u00f5es que n\u00e3o o identificam pessoalmente.<\/p>\n<p>Ao navegar no nosso website e se registar nas nossas listas de comunica\u00e7\u00e3o,\u00a0significa que est\u00e1 a dar um consentimento para o registo destas cookies no seu\u00a0browser de navega\u00e7\u00e3o na internet.<\/p>\n<p>Utilizamos cookies para podermos oferecer-lhe determinadas funcionalidades e\u00a0obtermos estat\u00edsticas de acompanhamento do seu comportamento e interac\u00e7\u00e3o\u00a0com os nossos conte\u00fados.<\/p>\n<h3>Os seus direitos:<\/h3>\n<p>SAIBA QUE: Caso n\u00e3o pretenda que estas cookies sejam guardadas nem que sejam recolhidos dados sobre a sua navega\u00e7\u00e3o \u00e9 livre de desligar e impedir o registo destas cookies atrav\u00e9s das funcionalidades do seu browser, podendo apenas perder algumas funcionalidades que temos no nosso website.<\/p>\n<p>Nada o impede de navegar no nosso site e receber as nossas newsletters sem ter as cookies activas. Pode desactiv\u00e1-las ou apagar as que j\u00e1 est\u00e3o registadas e continuar a ver o nosso site e receber os nossos emails.<\/p>\n<p>Saiba como controlar as cookies neste link: <a href=\"http:\/\/www.aboutcookies.org\/\" target=\"_blank\" rel=\"noopener\">http:\/\/www.aboutcookies.org\/<\/a><\/p>\n<p>Em caso de d\u00favidas ou esclarecimentos:<br \/>\nQualquer d\u00favida ou esclarecimento adicional que necessite n\u00e3o hesite em\u00a0contactar-nos. Temos todo o gosto em esclarec\u00ea-lo.<\/p>\n<p>Contacto geral: <a href=\"mailto:satya@quinta-do-rajo.pt\">satya@quinta-do-rajo.pt<\/a>[\/vc_column_text][\/vc_column][\/vc_row]<\/p>\n","protected":false},"excerpt":{"rendered":"<p>[vc_row][vc_column][vc_column_text]Termos Para efeitos deste documento, quando mencionamos \u201cA empresa\u201d referimo-nos \u00e0 Quinta do Rajo\/ Satya Kaur e quando escrevemos \u201cO [&hellip;]<\/p>\n","protected":false},"author":165,"featured_media":0,"parent":0,"menu_order":4,"comment_status":"closed","ping_status":"closed","template":"","meta":{"site-sidebar-layout":"default","site-content-layout":"","ast-site-content-layout":"default","site-content-style":"default","site-sidebar-style":"default","ast-global-header-display":"","ast-banner-title-visibility":"","ast-main-header-display":"","ast-hfb-above-header-display":"","ast-hfb-below-header-display":"","ast-hfb-mobile-header-display":"","site-post-title":"","ast-breadcrumbs-content":"","ast-featured-img":"","footer-sml-layout":"","ast-disable-related-posts":"","theme-transparent-header-meta":"","adv-header-id-meta":"","stick-header-meta":"","header-above-stick-meta":"","header-main-stick-meta":"","header-below-stick-meta":"","astra-migrate-meta-layouts":"default","ast-page-background-enabled":"default","ast-page-background-meta":{"desktop":{"background-color":"var(--ast-global-color-4)","background-image":"","background-repeat":"repeat","background-position":"center center","background-size":"auto","background-attachment":"scroll","background-type":"","background-media":"","overlay-type":"","overlay-color":"","overlay-opacity":"","overlay-gradient":""},"tablet":{"background-color":"","background-image":"","background-repeat":"repeat","background-position":"center center","background-size":"auto","background-attachment":"scroll","background-type":"","background-media":"","overlay-type":"","overlay-color":"","overlay-opacity":"","overlay-gradient":""},"mobile":{"background-color":"","background-image":"","background-repeat":"repeat","background-position":"center center","background-size":"auto","background-attachment":"scroll","background-type":"","background-media":"","overlay-type":"","overlay-color":"","overlay-opacity":"","overlay-gradient":""}},"ast-content-background-meta":{"desktop":{"background-color":"var(--ast-global-color-5)","background-image":"","background-repeat":"repeat","background-position":"center center","background-size":"auto","background-attachment":"scroll","background-type":"","background-media":"","overlay-type":"","overlay-color":"","overlay-opacity":"","overlay-gradient":""},"tablet":{"background-color":"var(--ast-global-color-5)","background-image":"","background-repeat":"repeat","background-position":"center center","background-size":"auto","background-attachment":"scroll","background-type":"","background-media":"","overlay-type":"","overlay-color":"","overlay-opacity":"","overlay-gradient":""},"mobile":{"background-color":"var(--ast-global-color-5)","background-image":"","background-repeat":"repeat","background-position":"center center","background-size":"auto","background-attachment":"scroll","background-type":"","background-media":"","overlay-type":"","overlay-color":"","overlay-opacity":"","overlay-gradient":""}},"footnotes":""},"class_list":["post-4068","page","type-page","status-publish","hentry"],"_links":{"self":[{"href":"https:\/\/www.quinta-do-rajo.pt\/en\/wp-json\/wp\/v2\/pages\/4068","targetHints":{"allow":["GET"]}}],"collection":[{"href":"https:\/\/www.quinta-do-rajo.pt\/en\/wp-json\/wp\/v2\/pages"}],"about":[{"href":"https:\/\/www.quinta-do-rajo.pt\/en\/wp-json\/wp\/v2\/types\/page"}],"author":[{"embeddable":true,"href":"https:\/\/www.quinta-do-rajo.pt\/en\/wp-json\/wp\/v2\/users\/165"}],"replies":[{"embeddable":true,"href":"https:\/\/www.quinta-do-rajo.pt\/en\/wp-json\/wp\/v2\/comments?post=4068"}],"version-history":[{"count":0,"href":"https:\/\/www.quinta-do-rajo.pt\/en\/wp-json\/wp\/v2\/pages\/4068\/revisions"}],"wp:attachment":[{"href":"https:\/\/www.quinta-do-rajo.pt\/en\/wp-json\/wp\/v2\/media?parent=4068"}],"curies":[{"name":"wp","href":"https:\/\/api.w.org\/{rel}","templated":true}]}}